{"id":22605,"date":"2025-04-16T15:39:46","date_gmt":"2025-04-16T18:39:46","guid":{"rendered":"https:\/\/bricspolicycenter.org\/conselho-thinktanks-brics\/"},"modified":"2025-07-15T11:07:50","modified_gmt":"2025-07-15T14:07:50","slug":"conselho-thinktanks-brics","status":"publish","type":"page","link":"https:\/\/bricspolicycenter.org\/en\/conselho-thinktanks-brics\/","title":{"rendered":"BRICS Think Tank Council"},"content":{"rendered":"<div class=\"wpb-content-wrapper\"><p>[vc_row css_animation=&#8221;&#8221; row_type=&#8221;row&#8221; use_row_as_full_screen_section=&#8221;no&#8221; type=&#8221;full_width&#8221; text_align=&#8221;left&#8221;][vc_column][vc_column_text css=&#8221;&#8221;]<\/p>\n<h2 style=\"text-align: left;\"><span style=\"color: #43c45d;\">BRICS<\/span><span style=\"color: #43c45d;\"> Think Tanks <\/span><span style=\"color: #43c45d;\">Council <\/span><\/h2>\n<p>[\/vc_column_text][vc_separator type=&#8221;normal&#8221; border_style=&#8221;&#8221;][vc_column_text css=&#8221;&#8221;]Established in 2013, the BRICS Think Tank Council (BTTC) is formed by research centers designated by each of the BRICS member countries, upon nomination by their respective governments. Its main function is to promote the exchange of ideas and cooperation between researchers, academics and other research institutions. The BTTC is chaired by the think tank of the country holding the rotating BRICS presidency that year.<\/p>\n<p>The BTTC aims to strengthen, promote and develop cooperation in research activities, knowledge sharing, capacity building and the formulation of public policy recommendations for the BRICS countries. Its duties include: holding regular meetings at least once a year; organizing the BRICS Academic Forum (FABRICS); preparing policy recommendations to be submitted to the leaders of the group; identifying priority areas for cooperation; conducting joint studies; facilitating exchange programs between member countries; and supporting the production of strategic knowledge in the respective nations.[vc_empty_space]<\/p>\n<p><strong>BRICS Policy Center researchers have participated since the first edition of the BRICS Academic Forum<\/strong>. The meetings deal with different themes and bring together experts and researchers from academic communities, as well as members and representatives of civil society, and usually take place before the BRICS Summit in the host country that year. At the end of each Forum, the participating institutions produce a document with long-term recommendations for the BRICS, which is delivered to the heads of state. In the context of Brazil&#8217;s presidency of BRICS in 2025, the BTTC&#8217;s main priority will be to contribute to the institutional strengthening of the bloc. In addition, the thematic priorities defined by the Brazilian presidency will also guide the recommendations made to the leaders and will be debated in specific sessions during the 17th BRICS Academic Forum (FABRICS).[vc_empty_space]<br \/>\nAmong the planned deliverables are:<br \/>\n<strong>(1)<\/strong> the BTTC&#8217;s document of recommendations to BRICS leaders;<\/p>\n<p><strong>(2)<\/strong> the publication of the Research Report entitled Portfolio on BRICS cooperation mechanisms; and<\/p>\n<p><strong>(3)<\/strong> the organization of the 17th FABRICS itself. The Institute for Applied Economic Research (IPEA) represents Brazil in the BTTC.[vc_empty_space]<\/p>\n<p>Source<em>:\u00a9 BRICS 2025 &#8211; Content developed by the Ministry of Foreign Affairs and the Social Communication Secretariat of the Presidency of the Republic of Brazil<\/em><\/p>\n<p>.[\/vc_column_text][vc_empty_space][vc_column_text css=&#8221;&#8221;]<\/p>\n<p>Eu sou um bloco de texto. Clique no bot\u00e3o Editar (L\u00e1pis) para alterar o conte\u00fado deste elemento.<\/p>\n<p>[\/vc_column_text][vc_empty_space][\/vc_column][\/vc_row][vc_row css_animation=&#8221;&#8221; row_type=&#8221;row&#8221; use_row_as_full_screen_section=&#8221;no&#8221; type=&#8221;full_width&#8221; text_align=&#8221;left&#8221;][vc_column width=&#8221;1\/5&#8243;]<a href=\"https:\/\/bricspolicycenter.org\/eventos\/6o-forum-academico-dos-brics\/\" target=\"_blank\"  class=\"qbutton \" style=\"\">1<\/a>[vc_empty_space]<a href=\"https:\/\/bricspolicycenter.org\/o-brics-policy-center-no-forum-brics-de-partidos-politicos-think-tanks-e-sociedade-civil-do-brics\/\" target=\"_blank\"  class=\"qbutton \" style=\"\">6<\/a>[\/vc_column][vc_column width=&#8221;1\/5&#8243;]<a href=\"https:\/\/bricspolicycenter.org\/eventos\/forum-academico-dos-brics\/\" target=\"_blank\"  class=\"qbutton \" style=\"\">2<\/a>[vc_empty_space]<a href=\"https:\/\/bricspolicycenter.org\/brics-policy-center-da-puc-rio-participou-do-forum-academico-dos-brics-fabrics\/\" target=\"_blank\"  class=\"qbutton \" style=\"\">7<\/a>[\/vc_column][vc_column width=&#8221;1\/5&#8243;]<a href=\"https:\/\/bricspolicycenter.org\/9o-forum-academico-dos-brics\/\" target=\"_blank\"  class=\"qbutton \" style=\"\">3<\/a>[\/vc_column][vc_column width=&#8221;1\/5&#8243;]<a href=\"https:\/\/bricspolicycenter.org\/forum-de-think-tanks-dos-brics-2017\/\" target=\"_blank\"  class=\"qbutton \" style=\"\">4<\/a>[\/vc_column][vc_column width=&#8221;1\/5&#8243;]<a href=\"https:\/\/bricspolicycenter.org\/pesquisadores-do-bpc-participam-do-forum-academico-dos-brics-2019\/\" target=\"_blank\"  class=\"qbutton \" style=\"\">5<\/a>[\/vc_column][\/vc_row][vc_row css_animation=&#8221;&#8221; row_type=&#8221;row&#8221; use_row_as_full_screen_section=&#8221;no&#8221; type=&#8221;full_width&#8221; text_align=&#8221;left&#8221;][vc_column][vc_empty_space][\/vc_column][\/vc_row]<\/p>\n<\/div>","protected":false},"excerpt":{"rendered":"<p>[vc_row css_animation=&#8221;&#8221; row_type=&#8221;row&#8221; use_row_as_full_screen_section=&#8221;no&#8221; type=&#8221;full_width&#8221; text_align=&#8221;left&#8221;][vc_column][vc_column_text css=&#8221;&#8221;] BRICS Think Tanks Council [\/vc_column_text][vc_separator type=&#8221;normal&#8221; border_style=&#8221;&#8221;][vc_column_text css=&#8221;&#8221;]Established in 2013, the BRICS Think Tank Council (BTTC) is formed by research centers designated by&#8230;<\/p>\n","protected":false},"author":18,"featured_media":0,"parent":0,"menu_order":0,"comment_status":"closed","ping_status":"closed","template":"","meta":{"footnotes":""},"class_list":["post-22605","page","type-page","status-publish","hentry"],"yoast_head":"<!-- This site is optimized with the Yoast SEO plugin v24.6 - https:\/\/yoast.com\/wordpress\/plugins\/seo\/ -->\n<title>BRICS Think Tank Council - brq<\/title>\n<meta name=\"robots\" content=\"index, follow, max-snippet:-1, max-image-preview:large, max-video-preview:-1\" \/>\n<link rel=\"canonical\" href=\"https:\/\/bricspolicycenter.org\/en\/conselho-thinktanks-brics\/\" \/>\n<meta property=\"og:locale\" content=\"en_US\" \/>\n<meta property=\"og:type\" content=\"article\" \/>\n<meta property=\"og:title\" content=\"BRICS Think Tank Council - brq\" \/>\n<meta property=\"og:description\" content=\"[vc_row css_animation=&#8221;&#8221; row_type=&#8221;row&#8221; use_row_as_full_screen_section=&#8221;no&#8221; type=&#8221;full_width&#8221; text_align=&#8221;left&#8221;][vc_column][vc_column_text css=&#8221;&#8221;] BRICS Think Tanks Council [\/vc_column_text][vc_separator type=&#8221;normal&#8221; border_style=&#8221;&#8221;][vc_column_text css=&#8221;&#8221;]Established in 2013, the BRICS Think Tank Council (BTTC) is formed by research centers designated by...\" \/>\n<meta property=\"og:url\" content=\"https:\/\/bricspolicycenter.org\/en\/conselho-thinktanks-brics\/\" \/>\n<meta property=\"og:site_name\" content=\"brq\" \/>\n<meta property=\"article:modified_time\" content=\"2025-07-15T14:07:50+00:00\" \/>\n<meta name=\"twitter:card\" content=\"summary_large_image\" \/>\n<meta name=\"twitter:label1\" content=\"Est. reading time\" \/>\n\t<meta name=\"twitter:data1\" content=\"3 minutes\" \/>\n<script type=\"application\/ld+json\" class=\"yoast-schema-graph\">{\"@context\":\"https:\/\/schema.org\",\"@graph\":[{\"@type\":\"WebPage\",\"@id\":\"https:\/\/bricspolicycenter.org\/en\/conselho-thinktanks-brics\/\",\"url\":\"https:\/\/bricspolicycenter.org\/en\/conselho-thinktanks-brics\/\",\"name\":\"BRICS Think Tank Council - brq\",\"isPartOf\":{\"@id\":\"https:\/\/bricspolicycenter.org\/en\/#website\"},\"datePublished\":\"2025-04-16T18:39:46+00:00\",\"dateModified\":\"2025-07-15T14:07:50+00:00\",\"breadcrumb\":{\"@id\":\"https:\/\/bricspolicycenter.org\/en\/conselho-thinktanks-brics\/#breadcrumb\"},\"inLanguage\":\"en-US\",\"potentialAction\":[{\"@type\":\"ReadAction\",\"target\":[\"https:\/\/bricspolicycenter.org\/en\/conselho-thinktanks-brics\/\"]}]},{\"@type\":\"BreadcrumbList\",\"@id\":\"https:\/\/bricspolicycenter.org\/en\/conselho-thinktanks-brics\/#breadcrumb\",\"itemListElement\":[{\"@type\":\"ListItem\",\"position\":1,\"name\":\"In\u00edcio\",\"item\":\"https:\/\/bricspolicycenter.org\/en\/\"},{\"@type\":\"ListItem\",\"position\":2,\"name\":\"BRICS Think Tank Council\"}]},{\"@type\":\"WebSite\",\"@id\":\"https:\/\/bricspolicycenter.org\/en\/#website\",\"url\":\"https:\/\/bricspolicycenter.org\/en\/\",\"name\":\"brq\",\"description\":\"S\u00f3 mais um site WordPress\",\"potentialAction\":[{\"@type\":\"SearchAction\",\"target\":{\"@type\":\"EntryPoint\",\"urlTemplate\":\"https:\/\/bricspolicycenter.org\/en\/?s={search_term_string}\"},\"query-input\":{\"@type\":\"PropertyValueSpecification\",\"valueRequired\":true,\"valueName\":\"search_term_string\"}}],\"inLanguage\":\"en-US\"}]}<\/script>\n<!-- \/ Yoast SEO plugin. -->","yoast_head_json":{"title":"BRICS Think Tank Council - brq","robots":{"index":"index","follow":"follow","max-snippet":"max-snippet:-1","max-image-preview":"max-image-preview:large","max-video-preview":"max-video-preview:-1"},"canonical":"https:\/\/bricspolicycenter.org\/en\/conselho-thinktanks-brics\/","og_locale":"en_US","og_type":"article","og_title":"BRICS Think Tank Council - brq","og_description":"[vc_row css_animation=&#8221;&#8221; row_type=&#8221;row&#8221; use_row_as_full_screen_section=&#8221;no&#8221; type=&#8221;full_width&#8221; text_align=&#8221;left&#8221;][vc_column][vc_column_text css=&#8221;&#8221;] BRICS Think Tanks Council [\/vc_column_text][vc_separator type=&#8221;normal&#8221; border_style=&#8221;&#8221;][vc_column_text css=&#8221;&#8221;]Established in 2013, the BRICS Think Tank Council (BTTC) is formed by research centers designated by...","og_url":"https:\/\/bricspolicycenter.org\/en\/conselho-thinktanks-brics\/","og_site_name":"brq","article_modified_time":"2025-07-15T14:07:50+00:00","twitter_card":"summary_large_image","twitter_misc":{"Est. reading time":"3 minutes"},"schema":{"@context":"https:\/\/schema.org","@graph":[{"@type":"WebPage","@id":"https:\/\/bricspolicycenter.org\/en\/conselho-thinktanks-brics\/","url":"https:\/\/bricspolicycenter.org\/en\/conselho-thinktanks-brics\/","name":"BRICS Think Tank Council - brq","isPartOf":{"@id":"https:\/\/bricspolicycenter.org\/en\/#website"},"datePublished":"2025-04-16T18:39:46+00:00","dateModified":"2025-07-15T14:07:50+00:00","breadcrumb":{"@id":"https:\/\/bricspolicycenter.org\/en\/conselho-thinktanks-brics\/#breadcrumb"},"inLanguage":"en-US","potentialAction":[{"@type":"ReadAction","target":["https:\/\/bricspolicycenter.org\/en\/conselho-thinktanks-brics\/"]}]},{"@type":"BreadcrumbList","@id":"https:\/\/bricspolicycenter.org\/en\/conselho-thinktanks-brics\/#breadcrumb","itemListElement":[{"@type":"ListItem","position":1,"name":"In\u00edcio","item":"https:\/\/bricspolicycenter.org\/en\/"},{"@type":"ListItem","position":2,"name":"BRICS Think Tank Council"}]},{"@type":"WebSite","@id":"https:\/\/bricspolicycenter.org\/en\/#website","url":"https:\/\/bricspolicycenter.org\/en\/","name":"brq","description":"S\u00f3 mais um site WordPress","potentialAction":[{"@type":"SearchAction","target":{"@type":"EntryPoint","urlTemplate":"https:\/\/bricspolicycenter.org\/en\/?s={search_term_string}"},"query-input":{"@type":"PropertyValueSpecification","valueRequired":true,"valueName":"search_term_string"}}],"inLanguage":"en-US"}]}},"_links":{"self":[{"href":"https:\/\/bricspolicycenter.org\/en\/wp-json\/wp\/v2\/pages\/22605","targetHints":{"allow":["GET"]}}],"collection":[{"href":"https:\/\/bricspolicycenter.org\/en\/wp-json\/wp\/v2\/pages"}],"about":[{"href":"https:\/\/bricspolicycenter.org\/en\/wp-json\/wp\/v2\/types\/page"}],"author":[{"embeddable":true,"href":"https:\/\/bricspolicycenter.org\/en\/wp-json\/wp\/v2\/users\/18"}],"replies":[{"embeddable":true,"href":"https:\/\/bricspolicycenter.org\/en\/wp-json\/wp\/v2\/comments?post=22605"}],"version-history":[{"count":9,"href":"https:\/\/bricspolicycenter.org\/en\/wp-json\/wp\/v2\/pages\/22605\/revisions"}],"predecessor-version":[{"id":23892,"href":"https:\/\/bricspolicycenter.org\/en\/wp-json\/wp\/v2\/pages\/22605\/revisions\/23892"}],"wp:attachment":[{"href":"https:\/\/bricspolicycenter.org\/en\/wp-json\/wp\/v2\/media?parent=22605"}],"curies":[{"name":"wp","href":"https:\/\/api.w.org\/{rel}","templated":true}]}}