{"id":14675,"date":"2023-02-01T15:13:35","date_gmt":"2023-02-01T18:13:35","guid":{"rendered":"https:\/\/bricspolicycenter.org\/brics-policy-center-at-the-brics-forum-of-political-parties-think-tanks-and-civil-society\/"},"modified":"2025-07-15T09:58:17","modified_gmt":"2025-07-15T12:58:17","slug":"brics-policy-center-at-the-brics-forum-of-political-parties-think-tanks-and-civil-society","status":"publish","type":"page","link":"https:\/\/bricspolicycenter.org\/en\/brics-policy-center-at-the-brics-forum-of-political-parties-think-tanks-and-civil-society\/","title":{"rendered":"BRICS Civil Society Forum"},"content":{"rendered":"<div class=\"wpb-content-wrapper\"><p>[vc_row css_animation=&#8221;&#8221; row_type=&#8221;row&#8221; use_row_as_full_screen_section=&#8221;no&#8221; type=&#8221;full_width&#8221; text_align=&#8221;left&#8221;][vc_column][vc_column_text css=&#8221;&#8221;]<\/p>\n<h2 style=\"text-align: left;\"><span style=\"color: #43c45d;\">BRICS<\/span><span style=\"color: #43c45d;\">\u00a0Civil <\/span><span style=\"color: #43c45d;\">Society <\/span><span style=\"color: #43c45d;\">F\u00f3rum<\/span><\/h2>\n<p>[\/vc_column_text][vc_separator type=&#8221;normal&#8221; border_style=&#8221;&#8221;][vc_column_text css=&#8221;&#8221;]The BRICS Civil Society Forum, also known as \u201cPeople-to-People\u201d (P2P), is a meeting place for civil society representatives from the group countries, covering various areas of activity. Its main objective is to foster dialog and cooperation between member countries in search of joint solutions to regional and global challenges. The initiative aims to increase the participation of popular movements and social organizations in the construction of public policies and the promotion of sustainable development among BRICS members. Based on the discussions held during the Civil Forum in Russia in July 2024, the BRICS Civil Council was created, later recognized and supported by the heads of state in the Kazan Declaration.[vc_empty_space][vc_column_text css=&#8221;&#8221;]<\/p>\n<p>At the end of each Civil Society Forum, which takes place in the countries hosting the summit, a collective final document is produced, to be delivered to the heads of state, with the active participation of broad sectors of social movements and civil society in the member countries. This effort will be made possible through the work of the national representatives of the BRICS Civil Council.[vc_empty_space][vc_column_text css=&#8221;&#8221;]<\/p>\n<p>The <strong>BRICS Policy Center<\/strong> (BPC) has been consistently present at various editions of the BRICS Civil Forum, consolidating its position as one of the main Brazilian institutions in the articulation between civil society, academia and political processes within the bloc. This continuous participation in summits held in Russia, India, China, South Africa and Brazil is evidence of the BPC&#8217;s commitment to strengthening a more plural, inclusive and interest-oriented diplomacy for the Global South. Actively involved in thematic working groups, the BPC has contributed with reflections and proposals in areas such as ecology, finance, artificial intelligence and institutionalism, always with a focus on valuing diverse knowledge, protecting biodiversity, promoting social justice and democratizing decision-making bodies. Their contributions have been fundamental in enriching the debates and guiding the recommendations forwarded to heads of state, helping to build fairer and more representative public policies.[vc_empty_space][vc_column_text css=&#8221;&#8221;]<\/p>\n<p><em>Source: \u00a9 BRICS 2025 &#8211; Conte\u00fado desenvolvido pelo Min. das Rela\u00e7\u00f5es Exteriores e pela Sec. de Comunica\u00e7\u00e3o Social da Presid\u00eancia da Rep\u00fablica do Brasil<\/em>[\/vc_column_text][vc_empty_space][vc_column_text css=&#8221;&#8221;]<\/p>\n<h3 style=\"text-align: left;\"><span style=\"color: #43c45d;\">Check out some of our participations at the Forum:<\/span><\/h3>\n<p>[\/vc_column_text][vc_empty_space][\/vc_column][\/vc_row][vc_row css_animation=&#8221;&#8221; row_type=&#8221;row&#8221; use_row_as_full_screen_section=&#8221;no&#8221; type=&#8221;full_width&#8221; text_align=&#8221;left&#8221;][vc_column width=&#8221;1\/6&#8243;]<a href=\"https:\/\/bricspolicycenter.org\/eventos\/civil-brics-forum\/\" target=\"_blank\"  class=\"qbutton  medium\" style=\"\">1<\/a>[vc_empty_space]<a href=\"https:\/\/bricspolicycenter.org\/marta-fernandez-diretora-do-brics-policy-center-da-puc-rio-participou-do-conselho-popular-dos-brics-no-dia-4-de-julho\/\" target=\"_blank\"  class=\"qbutton \" style=\"\">7<\/a>[vc_empty_space][\/vc_column][vc_column width=&#8221;1\/6&#8243;]<a href=\"https:\/\/bricspolicycenter.org\/eventos\/brics-political-parties-think-tanks-and-civil-society-organizations\/\" target=\"_blank\"  class=\"qbutton  medium\" style=\"\">2<\/a>[\/vc_column][vc_column width=&#8221;1\/6&#8243;]<a href=\"https:\/\/bricspolicycenter.org\/brics-policy-center-participa-do-forum-civil-brics\/\" target=\"_blank\"  class=\"qbutton  medium\" style=\"\">3<\/a>[\/vc_column][vc_column width=&#8221;1\/6&#8243;]<a href=\"https:\/\/bricspolicycenter.org\/participacao-da-plataforma-socioambiental-no-civil-brics-summit-2023\/\" target=\"_blank\"  class=\"qbutton  medium white\" style=\"\">4<\/a>[\/vc_column][vc_column width=&#8221;1\/6&#8243;]<a href=\"https:\/\/bricspolicycenter.org\/pesquisadores-as-do-brics-policy-center-participam-ativamente-dos-grupos-de-trabalho-do-brics-peoples-civil-forum-2025\/\" target=\"_blank\"  class=\"qbutton  medium\" style=\"\">5<\/a>[\/vc_column][vc_column width=&#8221;1\/6&#8243;]<a href=\"https:\/\/bricspolicycenter.org\/a-plataforma-socioambiental-participou-do-forum-civil-do-brics\/\" target=\"_blank\"  class=\"qbutton \" style=\"\">6<\/a>[\/vc_column][\/vc_row]<\/p>\n<\/div>","protected":false},"excerpt":{"rendered":"<p>[vc_row css_animation=&#8221;&#8221; row_type=&#8221;row&#8221; use_row_as_full_screen_section=&#8221;no&#8221; type=&#8221;full_width&#8221; text_align=&#8221;left&#8221;][vc_column][vc_column_text css=&#8221;&#8221;] BRICS\u00a0Civil Society F\u00f3rum [\/vc_column_text][vc_separator type=&#8221;normal&#8221; border_style=&#8221;&#8221;][vc_column_text css=&#8221;&#8221;]The BRICS Civil Society Forum, also known as \u201cPeople-to-People\u201d (P2P), is a meeting place for civil society&#8230;<\/p>\n","protected":false},"author":18,"featured_media":0,"parent":0,"menu_order":0,"comment_status":"closed","ping_status":"closed","template":"","meta":{"footnotes":""},"class_list":["post-14675","page","type-page","status-publish","hentry"],"yoast_head":"<!-- This site is optimized with the Yoast SEO plugin v24.6 - https:\/\/yoast.com\/wordpress\/plugins\/seo\/ -->\n<title>BRICS Civil Society Forum - brq<\/title>\n<meta name=\"robots\" content=\"index, follow, max-snippet:-1, max-image-preview:large, max-video-preview:-1\" \/>\n<link rel=\"canonical\" href=\"https:\/\/bricspolicycenter.org\/en\/brics-policy-center-at-the-brics-forum-of-political-parties-think-tanks-and-civil-society\/\" \/>\n<meta property=\"og:locale\" content=\"en_US\" \/>\n<meta property=\"og:type\" content=\"article\" \/>\n<meta property=\"og:title\" content=\"BRICS Civil Society Forum - brq\" \/>\n<meta property=\"og:description\" content=\"[vc_row css_animation=&#8221;&#8221; row_type=&#8221;row&#8221; use_row_as_full_screen_section=&#8221;no&#8221; type=&#8221;full_width&#8221; text_align=&#8221;left&#8221;][vc_column][vc_column_text css=&#8221;&#8221;] BRICS\u00a0Civil Society F\u00f3rum [\/vc_column_text][vc_separator type=&#8221;normal&#8221; border_style=&#8221;&#8221;][vc_column_text css=&#8221;&#8221;]The BRICS Civil Society Forum, also known as \u201cPeople-to-People\u201d (P2P), is a meeting place for civil society...\" \/>\n<meta property=\"og:url\" content=\"https:\/\/bricspolicycenter.org\/en\/brics-policy-center-at-the-brics-forum-of-political-parties-think-tanks-and-civil-society\/\" \/>\n<meta property=\"og:site_name\" content=\"brq\" \/>\n<meta property=\"article:modified_time\" content=\"2025-07-15T12:58:17+00:00\" \/>\n<meta name=\"twitter:card\" content=\"summary_large_image\" \/>\n<meta name=\"twitter:label1\" content=\"Est. reading time\" \/>\n\t<meta name=\"twitter:data1\" content=\"3 minutes\" \/>\n<script type=\"application\/ld+json\" class=\"yoast-schema-graph\">{\"@context\":\"https:\/\/schema.org\",\"@graph\":[{\"@type\":\"WebPage\",\"@id\":\"https:\/\/bricspolicycenter.org\/en\/brics-policy-center-at-the-brics-forum-of-political-parties-think-tanks-and-civil-society\/\",\"url\":\"https:\/\/bricspolicycenter.org\/en\/brics-policy-center-at-the-brics-forum-of-political-parties-think-tanks-and-civil-society\/\",\"name\":\"BRICS Civil Society Forum - brq\",\"isPartOf\":{\"@id\":\"https:\/\/bricspolicycenter.org\/en\/#website\"},\"datePublished\":\"2023-02-01T18:13:35+00:00\",\"dateModified\":\"2025-07-15T12:58:17+00:00\",\"breadcrumb\":{\"@id\":\"https:\/\/bricspolicycenter.org\/en\/brics-policy-center-at-the-brics-forum-of-political-parties-think-tanks-and-civil-society\/#breadcrumb\"},\"inLanguage\":\"en-US\",\"potentialAction\":[{\"@type\":\"ReadAction\",\"target\":[\"https:\/\/bricspolicycenter.org\/en\/brics-policy-center-at-the-brics-forum-of-political-parties-think-tanks-and-civil-society\/\"]}]},{\"@type\":\"BreadcrumbList\",\"@id\":\"https:\/\/bricspolicycenter.org\/en\/brics-policy-center-at-the-brics-forum-of-political-parties-think-tanks-and-civil-society\/#breadcrumb\",\"itemListElement\":[{\"@type\":\"ListItem\",\"position\":1,\"name\":\"In\u00edcio\",\"item\":\"https:\/\/bricspolicycenter.org\/en\/\"},{\"@type\":\"ListItem\",\"position\":2,\"name\":\"BRICS Civil Society Forum\"}]},{\"@type\":\"WebSite\",\"@id\":\"https:\/\/bricspolicycenter.org\/en\/#website\",\"url\":\"https:\/\/bricspolicycenter.org\/en\/\",\"name\":\"brq\",\"description\":\"S\u00f3 mais um site WordPress\",\"potentialAction\":[{\"@type\":\"SearchAction\",\"target\":{\"@type\":\"EntryPoint\",\"urlTemplate\":\"https:\/\/bricspolicycenter.org\/en\/?s={search_term_string}\"},\"query-input\":{\"@type\":\"PropertyValueSpecification\",\"valueRequired\":true,\"valueName\":\"search_term_string\"}}],\"inLanguage\":\"en-US\"}]}<\/script>\n<!-- \/ Yoast SEO plugin. -->","yoast_head_json":{"title":"BRICS Civil Society Forum - brq","robots":{"index":"index","follow":"follow","max-snippet":"max-snippet:-1","max-image-preview":"max-image-preview:large","max-video-preview":"max-video-preview:-1"},"canonical":"https:\/\/bricspolicycenter.org\/en\/brics-policy-center-at-the-brics-forum-of-political-parties-think-tanks-and-civil-society\/","og_locale":"en_US","og_type":"article","og_title":"BRICS Civil Society Forum - brq","og_description":"[vc_row css_animation=&#8221;&#8221; row_type=&#8221;row&#8221; use_row_as_full_screen_section=&#8221;no&#8221; type=&#8221;full_width&#8221; text_align=&#8221;left&#8221;][vc_column][vc_column_text css=&#8221;&#8221;] BRICS\u00a0Civil Society F\u00f3rum [\/vc_column_text][vc_separator type=&#8221;normal&#8221; border_style=&#8221;&#8221;][vc_column_text css=&#8221;&#8221;]The BRICS Civil Society Forum, also known as \u201cPeople-to-People\u201d (P2P), is a meeting place for civil society...","og_url":"https:\/\/bricspolicycenter.org\/en\/brics-policy-center-at-the-brics-forum-of-political-parties-think-tanks-and-civil-society\/","og_site_name":"brq","article_modified_time":"2025-07-15T12:58:17+00:00","twitter_card":"summary_large_image","twitter_misc":{"Est. reading time":"3 minutes"},"schema":{"@context":"https:\/\/schema.org","@graph":[{"@type":"WebPage","@id":"https:\/\/bricspolicycenter.org\/en\/brics-policy-center-at-the-brics-forum-of-political-parties-think-tanks-and-civil-society\/","url":"https:\/\/bricspolicycenter.org\/en\/brics-policy-center-at-the-brics-forum-of-political-parties-think-tanks-and-civil-society\/","name":"BRICS Civil Society Forum - brq","isPartOf":{"@id":"https:\/\/bricspolicycenter.org\/en\/#website"},"datePublished":"2023-02-01T18:13:35+00:00","dateModified":"2025-07-15T12:58:17+00:00","breadcrumb":{"@id":"https:\/\/bricspolicycenter.org\/en\/brics-policy-center-at-the-brics-forum-of-political-parties-think-tanks-and-civil-society\/#breadcrumb"},"inLanguage":"en-US","potentialAction":[{"@type":"ReadAction","target":["https:\/\/bricspolicycenter.org\/en\/brics-policy-center-at-the-brics-forum-of-political-parties-think-tanks-and-civil-society\/"]}]},{"@type":"BreadcrumbList","@id":"https:\/\/bricspolicycenter.org\/en\/brics-policy-center-at-the-brics-forum-of-political-parties-think-tanks-and-civil-society\/#breadcrumb","itemListElement":[{"@type":"ListItem","position":1,"name":"In\u00edcio","item":"https:\/\/bricspolicycenter.org\/en\/"},{"@type":"ListItem","position":2,"name":"BRICS Civil Society Forum"}]},{"@type":"WebSite","@id":"https:\/\/bricspolicycenter.org\/en\/#website","url":"https:\/\/bricspolicycenter.org\/en\/","name":"brq","description":"S\u00f3 mais um site WordPress","potentialAction":[{"@type":"SearchAction","target":{"@type":"EntryPoint","urlTemplate":"https:\/\/bricspolicycenter.org\/en\/?s={search_term_string}"},"query-input":{"@type":"PropertyValueSpecification","valueRequired":true,"valueName":"search_term_string"}}],"inLanguage":"en-US"}]}},"_links":{"self":[{"href":"https:\/\/bricspolicycenter.org\/en\/wp-json\/wp\/v2\/pages\/14675","targetHints":{"allow":["GET"]}}],"collection":[{"href":"https:\/\/bricspolicycenter.org\/en\/wp-json\/wp\/v2\/pages"}],"about":[{"href":"https:\/\/bricspolicycenter.org\/en\/wp-json\/wp\/v2\/types\/page"}],"author":[{"embeddable":true,"href":"https:\/\/bricspolicycenter.org\/en\/wp-json\/wp\/v2\/users\/18"}],"replies":[{"embeddable":true,"href":"https:\/\/bricspolicycenter.org\/en\/wp-json\/wp\/v2\/comments?post=14675"}],"version-history":[{"count":14,"href":"https:\/\/bricspolicycenter.org\/en\/wp-json\/wp\/v2\/pages\/14675\/revisions"}],"predecessor-version":[{"id":23890,"href":"https:\/\/bricspolicycenter.org\/en\/wp-json\/wp\/v2\/pages\/14675\/revisions\/23890"}],"wp:attachment":[{"href":"https:\/\/bricspolicycenter.org\/en\/wp-json\/wp\/v2\/media?parent=14675"}],"curies":[{"name":"wp","href":"https:\/\/api.w.org\/{rel}","templated":true}]}}