{"id":1285,"date":"2017-04-18T16:03:49","date_gmt":"2017-04-18T19:03:49","guid":{"rendered":"http:\/\/devbrq.fazti.com.br\/en\/?page_id=1285"},"modified":"2023-02-09T09:44:56","modified_gmt":"2023-02-09T12:44:56","slug":"contact","status":"publish","type":"page","link":"https:\/\/bricspolicycenter.org\/en\/contact\/","title":{"rendered":"Contact"},"content":{"rendered":"<div class=\"wpb-content-wrapper\"><p>[vc_row row_type=&#8221;row&#8221; use_row_as_full_screen_section=&#8221;no&#8221; type=&#8221;full_width&#8221; text_align=&#8221;left&#8221; css_animation=&#8221;&#8221;][vc_column][vc_gmaps link=&#8221;#E-8_JTNDaWZyYW1lJTIwc3JjJTNEJTIyaHR0cHMlM0ElMkYlMkZ3d3cuZ29vZ2xlLmNvbSUyRm1hcHMlMkZlbWJlZCUzRnBiJTNEJTIxMW0xNCUyMTFtOCUyMTFtMyUyMTFkMTQ2OTcuNTkzNzE4NTY3MDYzJTIxMmQtNDMuMTg4NDc5JTIxM2QtMjIuOTM1NTQ5MiUyMTNtMiUyMTFpMTAyNCUyMTJpNzY4JTIxNGYxMy4xJTIxM20zJTIxMW0yJTIxMXMweDAlMjUzQTB4ZDUzZDYyNjA5ZmU0MTcyNyUyMTJzQlJJQ1MlMjUyMFBvbGljeSUyNTIwQ2VudGVyJTI1MkMlMjUyMENlbnRybyUyNTIwZGUlMjUyMEVzdHVkb3MlMjUyMGUlMjUyMFBlc3F1aXNhcyUyMTVlMCUyMTNtMiUyMTFzcHQtQlIlMjEyc2JyJTIxNHYxNjc1OTQ2NjI1NzM2JTIxNW0yJTIxMXNwdC1CUiUyMTJzYnIlMjIlMjB3aWR0aCUzRCUyMjYwMCUyMiUyMGhlaWdodCUzRCUyMjQ1MCUyMiUyMHN0eWxlJTNEJTIyYm9yZGVyJTNBMCUzQiUyMiUyMGFsbG93ZnVsbHNjcmVlbiUzRCUyMiUyMiUyMGxvYWRpbmclM0QlMjJsYXp5JTIyJTIwcmVmZXJyZXJwb2xpY3klM0QlMjJuby1yZWZlcnJlci13aGVuLWRvd25ncmFkZSUyMiUzRSUzQyUyRmlmcmFtZSUzRQ==&#8221;][vc_separator type=&#8221;transparent&#8221; border_style=&#8221;&#8221; thickness=&#8221;25&#8243;][\/vc_column][\/vc_row][vc_row row_type=&#8221;row&#8221; use_row_as_full_screen_section=&#8221;no&#8221; type=&#8221;grid&#8221; text_align=&#8221;left&#8221; css_animation=&#8221;&#8221;][vc_column width=&#8221;1\/2&#8243;][vc_column_text]<\/p>\n<h4><strong>BRICS Policy Center<\/strong><\/h4>\n<p>Casas Casadas<\/p>\n<p>R. das Laranjeiras, 307 &#8211; Laranjeiras, Rio de Janeiro\/RJ<\/p>\n<p>Zip Code: 22240-004[\/vc_column_text][vc_separator type=&#8221;transparent&#8221; border_style=&#8221;&#8221; thickness=&#8221;15&#8243;][\/vc_column][vc_column width=&#8221;1\/2&#8243;][vc_column_text]<\/p>\n<h4><strong>Instituto de Rela\u00e7\u00f5es Internacionais &#8211; PUC-Rio<\/strong><\/h4>\n<p>Rua Marqu\u00eas de S\u00e3o Vicente, 225 &#8211; Vila dos Diret\u00f3rios, Casa 20, G\u00e1vea &#8211;<br \/>\nRio de Janeiro &#8211; RJ, Brasil<\/p>\n<p>Phone: (+55 21) <strong>3527-1557 \u00a0\/ \u00a03527-1558 \u00a0\/ \u00a03527-1560<\/strong>[\/vc_column_text][\/vc_column][\/vc_row][vc_row row_type=&#8221;row&#8221; use_row_as_full_screen_section=&#8221;no&#8221; type=&#8221;grid&#8221; text_align=&#8221;left&#8221; css_animation=&#8221;&#8221;][vc_column][vc_empty_space][\/vc_column][\/vc_row][vc_row row_type=&#8221;row&#8221; use_row_as_full_screen_section=&#8221;no&#8221; type=&#8221;full_width&#8221; text_align=&#8221;left&#8221; background_color=&#8221;#e8e8e8&#8243; side_padding=&#8221;250&#8243; css_animation=&#8221;&#8221;][vc_column][vc_empty_space height=&#8221;42px&#8221;][vc_column_text]<\/p>\n<h2>Connect with us<\/h2>\n<p>[\/vc_column_text][vc_empty_space height=&#8221;52px&#8221;][\/vc_column][\/vc_row][vc_row row_type=&#8221;row&#8221; use_row_as_full_screen_section=&#8221;no&#8221; type=&#8221;grid&#8221; text_align=&#8221;left&#8221; background_color=&#8221;#e8e8e8&#8243; css_animation=&#8221;&#8221;][vc_column width=&#8221;1\/3&#8243;][vc_column_text]<a href=\"https:\/\/twitter.com\/BRICSPolicy\" target=\"_blank\" rel=\"noopener\"><img loading=\"lazy\" decoding=\"async\" class=\"alignleft wp-image-3078\" src=\"https:\/\/bricspolicycenter.org\/wp-content\/uploads\/2017\/12\/tt-icon.png\" alt=\"\" width=\"70\" height=\"70\" srcset=\"https:\/\/bricspolicycenter.org\/wp-content\/uploads\/2017\/12\/tt-icon.png 512w, https:\/\/bricspolicycenter.org\/wp-content\/uploads\/2017\/12\/tt-icon-150x150.png 150w, https:\/\/bricspolicycenter.org\/wp-content\/uploads\/2017\/12\/tt-icon-300x300.png 300w, https:\/\/bricspolicycenter.org\/wp-content\/uploads\/2017\/12\/tt-icon-500x500.png 500w, https:\/\/bricspolicycenter.org\/wp-content\/uploads\/2017\/12\/tt-icon-180x180.png 180w\" sizes=\"auto, (max-width: 70px) 100vw, 70px\" \/><\/a><\/p>\n<h3><strong>Twitter<\/strong><\/h3>\n<h6>Follow us and stay tuned<\/h6>\n<p>[\/vc_column_text][\/vc_column][vc_column width=&#8221;1\/3&#8243;][vc_column_text]<a href=\"https:\/\/www.facebook.com\/bricspolicycenter\/\" target=\"_blank\" rel=\"noopener\"><img loading=\"lazy\" decoding=\"async\" class=\"alignleft wp-image-3077\" src=\"https:\/\/bricspolicycenter.org\/wp-content\/uploads\/2017\/12\/fb-icon.png\" alt=\"\" width=\"60\" height=\"60\" srcset=\"https:\/\/bricspolicycenter.org\/wp-content\/uploads\/2017\/12\/fb-icon.png 800w, https:\/\/bricspolicycenter.org\/wp-content\/uploads\/2017\/12\/fb-icon-150x150.png 150w, https:\/\/bricspolicycenter.org\/wp-content\/uploads\/2017\/12\/fb-icon-300x300.png 300w, https:\/\/bricspolicycenter.org\/wp-content\/uploads\/2017\/12\/fb-icon-768x767.png 768w, https:\/\/bricspolicycenter.org\/wp-content\/uploads\/2017\/12\/fb-icon-550x550.png 550w, https:\/\/bricspolicycenter.org\/wp-content\/uploads\/2017\/12\/fb-icon-500x500.png 500w, https:\/\/bricspolicycenter.org\/wp-content\/uploads\/2017\/12\/fb-icon-700x699.png 700w, https:\/\/bricspolicycenter.org\/wp-content\/uploads\/2017\/12\/fb-icon-180x180.png 180w, https:\/\/bricspolicycenter.org\/wp-content\/uploads\/2017\/12\/fb-icon-600x600.png 600w\" sizes=\"auto, (max-width: 60px) 100vw, 60px\" \/><\/a><\/p>\n<h3><strong>Facebook<\/strong><\/h3>\n<h6>Keep in touch and share<\/h6>\n<p>[\/vc_column_text][\/vc_column][vc_column width=&#8221;1\/3&#8243;][vc_column_text]<a href=\"https:\/\/www.youtube.com\/user\/bricspolicycenter1\" target=\"_blank\" rel=\"noopener\"><img loading=\"lazy\" decoding=\"async\" class=\"alignleft wp-image-3079\" src=\"https:\/\/bricspolicycenter.org\/wp-content\/uploads\/2017\/12\/yt-icon.png\" alt=\"\" width=\"70\" height=\"70\" \/><\/a><\/p>\n<h3><strong>YouTube<\/strong><\/h3>\n<h6>Check out our latest activities<\/h6>\n<p>[\/vc_column_text][\/vc_column][\/vc_row][vc_row row_type=&#8221;row&#8221; use_row_as_full_screen_section=&#8221;no&#8221; type=&#8221;full_width&#8221; text_align=&#8221;left&#8221; background_color=&#8221;#e8e8e8&#8243; css_animation=&#8221;&#8221;][vc_column][vc_empty_space height=&#8221;42px&#8221;][vc_empty_space height=&#8221;42px&#8221;][\/vc_column][\/vc_row][vc_row row_type=&#8221;row&#8221; use_row_as_full_screen_section=&#8221;no&#8221; type=&#8221;full_width&#8221; text_align=&#8221;left&#8221; side_padding=&#8221;200&#8243; css_animation=&#8221;&#8221; css=&#8221;.vc_custom_1515094081677{padding-top: 50px !important;padding-right: 50px !important;padding-bottom: 50px !important;padding-left: 50px !important;}&#8221;][vc_column][vc_empty_space height=&#8221;64px&#8221;][vc_column_text]<\/p>\n<h2>Send a message<\/h2>\n<p>[\/vc_column_text][vc_separator type=&#8221;transparent&#8221; border_style=&#8221;&#8221; thickness=&#8221;15&#8243;][vc_column_text]<\/p>\n<div class=\"caldera-grid\" id=\"caldera_form_1\" data-cf-ver=\"1.9.3\" data-cf-form-id=\"CF5aa5bee81ae63\"><div id=\"caldera_notices_1\" data-spinner=\"https:\/\/bricspolicycenter.org\/wp-admin\/images\/spinner.gif\"><\/div><form data-instance=\"1\" class=\"CF5aa5bee81ae63 caldera_forms_form cfajax-trigger\" method=\"POST\" enctype=\"multipart\/form-data\" id=\"CF5aa5bee81ae63_1\" data-form-id=\"CF5aa5bee81ae63\" aria-label=\"Formul&aacute;rio de Contato (INGLES)\" data-target=\"#caldera_notices_1\" data-template=\"#cfajax_CF5aa5bee81ae63-tmpl\" data-cfajax=\"CF5aa5bee81ae63\" data-load-element=\"_parent\" data-load-class=\"cf_processing\" data-post-disable=\"0\" data-action=\"cf_process_ajax_submit\" data-request=\"https:\/\/bricspolicycenter.org\/en\/\/cf-api\/CF5aa5bee81ae63\" data-hiderows=\"true\">\r\n<input type=\"hidden\" id=\"_cf_verify_CF5aa5bee81ae63\" name=\"_cf_verify\" value=\"15bc68adbd\"  data-nonce-time=\"1776334327\" \/><input type=\"hidden\" name=\"_wp_http_referer\" value=\"\/en\/wp-json\/wp\/v2\/pages\/1285\" \/><div id=\"cf2-CF5aa5bee81ae63_1\"><\/div><input type=\"hidden\" name=\"_cf_frm_id\" value=\"CF5aa5bee81ae63\">\r\n<input type=\"hidden\" name=\"_cf_frm_ct\" value=\"1\">\r\n<input type=\"hidden\" name=\"cfajax\" value=\"CF5aa5bee81ae63\">\r\n<input type=\"hidden\" name=\"_cf_cr_pst\" value=\"1285\">\r\n<div class=\"hide\" style=\"display:none; overflow:hidden;height:0;width:0;\">\r\n<label>Email<\/label><input type=\"text\" name=\"email\" value=\"\" autocomplete=\"off\">\r\n<\/div><div id=\"CF5aa5bee81ae63_1-row-1\"  class=\"row  single\"><div  class=\"col-sm-12  single\"><div data-field-wrapper=\"fld_7919609\" class=\"form-group\" id=\"fld_7919609_1-wrap\">\r\n\t<label id=\"fld_7919609Label\" for=\"fld_7919609_1\" class=\"control-label\">Your Name (Required) <span aria-hidden=\"true\" role=\"presentation\" class=\"field_required\" style=\"color:#ee0000;\">*<\/span><\/label>\r\n\t<div class=\"\">\r\n\t\t<input   required type=\"text\" data-field=\"fld_7919609\" class=\" form-control\" id=\"fld_7919609_1\" name=\"fld_7919609\" value=\"\" data-type=\"text\" aria-required=\"true\"   aria-labelledby=\"fld_7919609Label\" >\t\t\t<\/div>\r\n<\/div>\r\n<div data-field-wrapper=\"fld_1881591\" class=\"form-group\" id=\"fld_1881591_1-wrap\">\r\n\t<label id=\"fld_1881591Label\" for=\"fld_1881591_1\" class=\"control-label\">Your e-mail(Required)<\/label>\r\n\t<div class=\"\">\r\n\t\t<input    type=\"email\" data-field=\"fld_1881591\" class=\" form-control\" id=\"fld_1881591_1\" name=\"fld_1881591\" value=\"\" data-type=\"email\"   aria-labelledby=\"fld_1881591Label\" >\t\t\t<\/div>\r\n<\/div>\r\n<div data-field-wrapper=\"fld_7456995\" class=\"form-group\" id=\"fld_7456995_1-wrap\">\r\n\t<label id=\"fld_7456995Label\" for=\"fld_7456995_1\" class=\"control-label\">Subject<\/label>\r\n\t<div class=\"\">\r\n\t\t<input    type=\"text\" data-field=\"fld_7456995\" class=\" form-control\" id=\"fld_7456995_1\" name=\"fld_7456995\" value=\"\" data-type=\"text\"   aria-labelledby=\"fld_7456995Label\" >\t\t\t<\/div>\r\n<\/div>\r\n<div data-field-wrapper=\"fld_511248\" class=\"form-group\" id=\"fld_511248_1-wrap\">\r\n\t<label id=\"fld_511248Label\" for=\"fld_511248_1\" class=\"control-label\">Your Message<\/label>\r\n\t<div class=\"\">\r\n\t\t<textarea name=\"fld_511248\" value=\"\" data-field=\"fld_511248\" class=\"form-control\" id=\"fld_511248_1\" rows=\"6\"    aria-labelledby=\"fld_511248Label\" ><\/textarea>\n\t\t\t<\/div>\r\n<\/div>\r\n<div data-field-wrapper=\"fld_4833885\" class=\"form-group\" id=\"fld_4833885_1-wrap\">\r\n<div class=\"\">\r\n\t<input  class=\"btn btn-default\" type=\"submit\" name=\"fld_4833885\" id=\"fld_4833885_1\" value=\"Send\" data-field=\"fld_4833885\"  >\n<\/div>\r\n<\/div>\r\n\t<input class=\"button_trigger_1\" type=\"hidden\" name=\"fld_4833885\" id=\"fld_4833885_1_btn\" value=\"\" data-field=\"fld_4833885\"  \/>\n<\/div><\/div><\/form>\r\n<\/div>\r\n\n<p>[\/vc_column_text][\/vc_column][\/vc_row][vc_row row_type=&#8221;row&#8221; use_row_as_full_screen_section=&#8221;no&#8221; type=&#8221;full_width&#8221; text_align=&#8221;left&#8221; css_animation=&#8221;&#8221;][vc_column][vc_empty_space][\/vc_column][\/vc_row]<\/p>\n<\/div>","protected":false},"excerpt":{"rendered":"<p>[vc_row row_type=&#8221;row&#8221; use_row_as_full_screen_section=&#8221;no&#8221; type=&#8221;full_width&#8221; text_align=&#8221;left&#8221; css_animation=&#8221;&#8221;][vc_column][vc_gmaps link=&#8221;#E-8_JTNDaWZyYW1lJTIwc3JjJTNEJTIyaHR0cHMlM0ElMkYlMkZ3d3cuZ29vZ2xlLmNvbSUyRm1hcHMlMkZlbWJlZCUzRnBiJTNEJTIxMW0xNCUyMTFtOCUyMTFtMyUyMTFkMTQ2OTcuNTkzNzE4NTY3MDYzJTIxMmQtNDMuMTg4NDc5JTIxM2QtMjIuOTM1NTQ5MiUyMTNtMiUyMTFpMTAyNCUyMTJpNzY4JTIxNGYxMy4xJTIxM20zJTIxMW0yJTIxMXMweDAlMjUzQTB4ZDUzZDYyNjA5ZmU0MTcyNyUyMTJzQlJJQ1MlMjUyMFBvbGljeSUyNTIwQ2VudGVyJTI1MkMlMjUyMENlbnRybyUyNTIwZGUlMjUyMEVzdHVkb3MlMjUyMGUlMjUyMFBlc3F1aXNhcyUyMTVlMCUyMTNtMiUyMTFzcHQtQlIlMjEyc2JyJTIxNHYxNjc1OTQ2NjI1NzM2JTIxNW0yJTIxMXNwdC1CUiUyMTJzYnIlMjIlMjB3aWR0aCUzRCUyMjYwMCUyMiUyMGhlaWdodCUzRCUyMjQ1MCUyMiUyMHN0eWxlJTNEJTIyYm9yZGVyJTNBMCUzQiUyMiUyMGFsbG93ZnVsbHNjcmVlbiUzRCUyMiUyMiUyMGxvYWRpbmclM0QlMjJsYXp5JTIyJTIwcmVmZXJyZXJwb2xpY3klM0QlMjJuby1yZWZlcnJlci13aGVuLWRvd25ncmFkZSUyMiUzRSUzQyUyRmlmcmFtZSUzRQ==&#8221;][vc_separator type=&#8221;transparent&#8221; border_style=&#8221;&#8221; thickness=&#8221;25&#8243;][\/vc_column][\/vc_row][vc_row row_type=&#8221;row&#8221; use_row_as_full_screen_section=&#8221;no&#8221; type=&#8221;grid&#8221; text_align=&#8221;left&#8221; css_animation=&#8221;&#8221;][vc_column width=&#8221;1\/2&#8243;][vc_column_text] BRICS Policy Center Casas Casadas R. das Laranjeiras, 307 &#8211; Laranjeiras, Rio de Janeiro\/RJ&#8230;<\/p>\n","protected":false},"author":18,"featured_media":0,"parent":0,"menu_order":0,"comment_status":"closed","ping_status":"closed","template":"contact-page.php","meta":{"footnotes":""},"class_list":["post-1285","page","type-page","status-publish","hentry"],"yoast_head":"<!-- This site is optimized with the Yoast SEO plugin v24.6 - https:\/\/yoast.com\/wordpress\/plugins\/seo\/ -->\n<title>Contact - brq<\/title>\n<meta name=\"robots\" content=\"index, follow, max-snippet:-1, max-image-preview:large, max-video-preview:-1\" \/>\n<link rel=\"canonical\" href=\"https:\/\/bricspolicycenter.org\/en\/contact\/\" \/>\n<meta property=\"og:locale\" content=\"en_US\" \/>\n<meta property=\"og:type\" content=\"article\" \/>\n<meta property=\"og:title\" content=\"Contact - brq\" \/>\n<meta property=\"og:description\" content=\"[vc_row row_type=&#8221;row&#8221; use_row_as_full_screen_section=&#8221;no&#8221; type=&#8221;full_width&#8221; text_align=&#8221;left&#8221; css_animation=&#8221;&#8221;][vc_column][vc_gmaps link=&#8221;#E-8_JTNDaWZyYW1lJTIwc3JjJTNEJTIyaHR0cHMlM0ElMkYlMkZ3d3cuZ29vZ2xlLmNvbSUyRm1hcHMlMkZlbWJlZCUzRnBiJTNEJTIxMW0xNCUyMTFtOCUyMTFtMyUyMTFkMTQ2OTcuNTkzNzE4NTY3MDYzJTIxMmQtNDMuMTg4NDc5JTIxM2QtMjIuOTM1NTQ5MiUyMTNtMiUyMTFpMTAyNCUyMTJpNzY4JTIxNGYxMy4xJTIxM20zJTIxMW0yJTIxMXMweDAlMjUzQTB4ZDUzZDYyNjA5ZmU0MTcyNyUyMTJzQlJJQ1MlMjUyMFBvbGljeSUyNTIwQ2VudGVyJTI1MkMlMjUyMENlbnRybyUyNTIwZGUlMjUyMEVzdHVkb3MlMjUyMGUlMjUyMFBlc3F1aXNhcyUyMTVlMCUyMTNtMiUyMTFzcHQtQlIlMjEyc2JyJTIxNHYxNjc1OTQ2NjI1NzM2JTIxNW0yJTIxMXNwdC1CUiUyMTJzYnIlMjIlMjB3aWR0aCUzRCUyMjYwMCUyMiUyMGhlaWdodCUzRCUyMjQ1MCUyMiUyMHN0eWxlJTNEJTIyYm9yZGVyJTNBMCUzQiUyMiUyMGFsbG93ZnVsbHNjcmVlbiUzRCUyMiUyMiUyMGxvYWRpbmclM0QlMjJsYXp5JTIyJTIwcmVmZXJyZXJwb2xpY3klM0QlMjJuby1yZWZlcnJlci13aGVuLWRvd25ncmFkZSUyMiUzRSUzQyUyRmlmcmFtZSUzRQ==&#8221;][vc_separator type=&#8221;transparent&#8221; border_style=&#8221;&#8221; thickness=&#8221;25&#8243;][\/vc_column][\/vc_row][vc_row row_type=&#8221;row&#8221; use_row_as_full_screen_section=&#8221;no&#8221; type=&#8221;grid&#8221; text_align=&#8221;left&#8221; css_animation=&#8221;&#8221;][vc_column width=&#8221;1\/2&#8243;][vc_column_text] BRICS Policy Center Casas Casadas R. das Laranjeiras, 307 &#8211; Laranjeiras, Rio de Janeiro\/RJ...\" \/>\n<meta property=\"og:url\" content=\"https:\/\/bricspolicycenter.org\/en\/contact\/\" \/>\n<meta property=\"og:site_name\" content=\"brq\" \/>\n<meta property=\"article:modified_time\" content=\"2023-02-09T12:44:56+00:00\" \/>\n<meta property=\"og:image\" content=\"https:\/\/bricspolicycenter.org\/wp-content\/uploads\/2017\/12\/tt-icon.png\" \/>\n<meta name=\"twitter:card\" content=\"summary_large_image\" \/>\n<meta name=\"twitter:label1\" content=\"Est. reading time\" \/>\n\t<meta name=\"twitter:data1\" content=\"2 minutes\" \/>\n<script type=\"application\/ld+json\" class=\"yoast-schema-graph\">{\"@context\":\"https:\/\/schema.org\",\"@graph\":[{\"@type\":\"WebPage\",\"@id\":\"https:\/\/bricspolicycenter.org\/en\/contact\/\",\"url\":\"https:\/\/bricspolicycenter.org\/en\/contact\/\",\"name\":\"Contact - brq\",\"isPartOf\":{\"@id\":\"https:\/\/bricspolicycenter.org\/en\/#website\"},\"primaryImageOfPage\":{\"@id\":\"https:\/\/bricspolicycenter.org\/en\/contact\/#primaryimage\"},\"image\":{\"@id\":\"https:\/\/bricspolicycenter.org\/en\/contact\/#primaryimage\"},\"thumbnailUrl\":\"https:\/\/bricspolicycenter.org\/wp-content\/uploads\/2017\/12\/tt-icon.png\",\"datePublished\":\"2017-04-18T19:03:49+00:00\",\"dateModified\":\"2023-02-09T12:44:56+00:00\",\"breadcrumb\":{\"@id\":\"https:\/\/bricspolicycenter.org\/en\/contact\/#breadcrumb\"},\"inLanguage\":\"en-US\",\"potentialAction\":[{\"@type\":\"ReadAction\",\"target\":[\"https:\/\/bricspolicycenter.org\/en\/contact\/\"]}]},{\"@type\":\"ImageObject\",\"inLanguage\":\"en-US\",\"@id\":\"https:\/\/bricspolicycenter.org\/en\/contact\/#primaryimage\",\"url\":\"https:\/\/bricspolicycenter.org\/wp-content\/uploads\/2017\/12\/tt-icon.png\",\"contentUrl\":\"https:\/\/bricspolicycenter.org\/wp-content\/uploads\/2017\/12\/tt-icon.png\"},{\"@type\":\"BreadcrumbList\",\"@id\":\"https:\/\/bricspolicycenter.org\/en\/contact\/#breadcrumb\",\"itemListElement\":[{\"@type\":\"ListItem\",\"position\":1,\"name\":\"In\u00edcio\",\"item\":\"https:\/\/bricspolicycenter.org\/en\/\"},{\"@type\":\"ListItem\",\"position\":2,\"name\":\"Contact\"}]},{\"@type\":\"WebSite\",\"@id\":\"https:\/\/bricspolicycenter.org\/en\/#website\",\"url\":\"https:\/\/bricspolicycenter.org\/en\/\",\"name\":\"brq\",\"description\":\"S\u00f3 mais um site WordPress\",\"potentialAction\":[{\"@type\":\"SearchAction\",\"target\":{\"@type\":\"EntryPoint\",\"urlTemplate\":\"https:\/\/bricspolicycenter.org\/en\/?s={search_term_string}\"},\"query-input\":{\"@type\":\"PropertyValueSpecification\",\"valueRequired\":true,\"valueName\":\"search_term_string\"}}],\"inLanguage\":\"en-US\"}]}<\/script>\n<!-- \/ Yoast SEO plugin. -->","yoast_head_json":{"title":"Contact - brq","robots":{"index":"index","follow":"follow","max-snippet":"max-snippet:-1","max-image-preview":"max-image-preview:large","max-video-preview":"max-video-preview:-1"},"canonical":"https:\/\/bricspolicycenter.org\/en\/contact\/","og_locale":"en_US","og_type":"article","og_title":"Contact - brq","og_description":"[vc_row row_type=&#8221;row&#8221; use_row_as_full_screen_section=&#8221;no&#8221; type=&#8221;full_width&#8221; text_align=&#8221;left&#8221; css_animation=&#8221;&#8221;][vc_column][vc_gmaps link=&#8221;#E-8_JTNDaWZyYW1lJTIwc3JjJTNEJTIyaHR0cHMlM0ElMkYlMkZ3d3cuZ29vZ2xlLmNvbSUyRm1hcHMlMkZlbWJlZCUzRnBiJTNEJTIxMW0xNCUyMTFtOCUyMTFtMyUyMTFkMTQ2OTcuNTkzNzE4NTY3MDYzJTIxMmQtNDMuMTg4NDc5JTIxM2QtMjIuOTM1NTQ5MiUyMTNtMiUyMTFpMTAyNCUyMTJpNzY4JTIxNGYxMy4xJTIxM20zJTIxMW0yJTIxMXMweDAlMjUzQTB4ZDUzZDYyNjA5ZmU0MTcyNyUyMTJzQlJJQ1MlMjUyMFBvbGljeSUyNTIwQ2VudGVyJTI1MkMlMjUyMENlbnRybyUyNTIwZGUlMjUyMEVzdHVkb3MlMjUyMGUlMjUyMFBlc3F1aXNhcyUyMTVlMCUyMTNtMiUyMTFzcHQtQlIlMjEyc2JyJTIxNHYxNjc1OTQ2NjI1NzM2JTIxNW0yJTIxMXNwdC1CUiUyMTJzYnIlMjIlMjB3aWR0aCUzRCUyMjYwMCUyMiUyMGhlaWdodCUzRCUyMjQ1MCUyMiUyMHN0eWxlJTNEJTIyYm9yZGVyJTNBMCUzQiUyMiUyMGFsbG93ZnVsbHNjcmVlbiUzRCUyMiUyMiUyMGxvYWRpbmclM0QlMjJsYXp5JTIyJTIwcmVmZXJyZXJwb2xpY3klM0QlMjJuby1yZWZlcnJlci13aGVuLWRvd25ncmFkZSUyMiUzRSUzQyUyRmlmcmFtZSUzRQ==&#8221;][vc_separator type=&#8221;transparent&#8221; border_style=&#8221;&#8221; thickness=&#8221;25&#8243;][\/vc_column][\/vc_row][vc_row row_type=&#8221;row&#8221; use_row_as_full_screen_section=&#8221;no&#8221; type=&#8221;grid&#8221; text_align=&#8221;left&#8221; css_animation=&#8221;&#8221;][vc_column width=&#8221;1\/2&#8243;][vc_column_text] BRICS Policy Center Casas Casadas R. das Laranjeiras, 307 &#8211; Laranjeiras, Rio de Janeiro\/RJ...","og_url":"https:\/\/bricspolicycenter.org\/en\/contact\/","og_site_name":"brq","article_modified_time":"2023-02-09T12:44:56+00:00","og_image":[{"url":"https:\/\/bricspolicycenter.org\/wp-content\/uploads\/2017\/12\/tt-icon.png","type":"","width":"","height":""}],"twitter_card":"summary_large_image","twitter_misc":{"Est. reading time":"2 minutes"},"schema":{"@context":"https:\/\/schema.org","@graph":[{"@type":"WebPage","@id":"https:\/\/bricspolicycenter.org\/en\/contact\/","url":"https:\/\/bricspolicycenter.org\/en\/contact\/","name":"Contact - brq","isPartOf":{"@id":"https:\/\/bricspolicycenter.org\/en\/#website"},"primaryImageOfPage":{"@id":"https:\/\/bricspolicycenter.org\/en\/contact\/#primaryimage"},"image":{"@id":"https:\/\/bricspolicycenter.org\/en\/contact\/#primaryimage"},"thumbnailUrl":"https:\/\/bricspolicycenter.org\/wp-content\/uploads\/2017\/12\/tt-icon.png","datePublished":"2017-04-18T19:03:49+00:00","dateModified":"2023-02-09T12:44:56+00:00","breadcrumb":{"@id":"https:\/\/bricspolicycenter.org\/en\/contact\/#breadcrumb"},"inLanguage":"en-US","potentialAction":[{"@type":"ReadAction","target":["https:\/\/bricspolicycenter.org\/en\/contact\/"]}]},{"@type":"ImageObject","inLanguage":"en-US","@id":"https:\/\/bricspolicycenter.org\/en\/contact\/#primaryimage","url":"https:\/\/bricspolicycenter.org\/wp-content\/uploads\/2017\/12\/tt-icon.png","contentUrl":"https:\/\/bricspolicycenter.org\/wp-content\/uploads\/2017\/12\/tt-icon.png"},{"@type":"BreadcrumbList","@id":"https:\/\/bricspolicycenter.org\/en\/contact\/#breadcrumb","itemListElement":[{"@type":"ListItem","position":1,"name":"In\u00edcio","item":"https:\/\/bricspolicycenter.org\/en\/"},{"@type":"ListItem","position":2,"name":"Contact"}]},{"@type":"WebSite","@id":"https:\/\/bricspolicycenter.org\/en\/#website","url":"https:\/\/bricspolicycenter.org\/en\/","name":"brq","description":"S\u00f3 mais um site WordPress","potentialAction":[{"@type":"SearchAction","target":{"@type":"EntryPoint","urlTemplate":"https:\/\/bricspolicycenter.org\/en\/?s={search_term_string}"},"query-input":{"@type":"PropertyValueSpecification","valueRequired":true,"valueName":"search_term_string"}}],"inLanguage":"en-US"}]}},"_links":{"self":[{"href":"https:\/\/bricspolicycenter.org\/en\/wp-json\/wp\/v2\/pages\/1285","targetHints":{"allow":["GET"]}}],"collection":[{"href":"https:\/\/bricspolicycenter.org\/en\/wp-json\/wp\/v2\/pages"}],"about":[{"href":"https:\/\/bricspolicycenter.org\/en\/wp-json\/wp\/v2\/types\/page"}],"author":[{"embeddable":true,"href":"https:\/\/bricspolicycenter.org\/en\/wp-json\/wp\/v2\/users\/18"}],"replies":[{"embeddable":true,"href":"https:\/\/bricspolicycenter.org\/en\/wp-json\/wp\/v2\/comments?post=1285"}],"version-history":[{"count":2,"href":"https:\/\/bricspolicycenter.org\/en\/wp-json\/wp\/v2\/pages\/1285\/revisions"}],"predecessor-version":[{"id":14746,"href":"https:\/\/bricspolicycenter.org\/en\/wp-json\/wp\/v2\/pages\/1285\/revisions\/14746"}],"wp:attachment":[{"href":"https:\/\/bricspolicycenter.org\/en\/wp-json\/wp\/v2\/media?parent=1285"}],"curies":[{"name":"wp","href":"https:\/\/api.w.org\/{rel}","templated":true}]}}