{"id":1283,"date":"2017-04-18T15:10:27","date_gmt":"2017-04-18T18:10:27","guid":{"rendered":"http:\/\/devbrq.fazti.com.br\/en\/?page_id=1283"},"modified":"2018-07-18T10:11:45","modified_gmt":"2018-07-18T13:11:45","slug":"fellowship-network","status":"publish","type":"page","link":"https:\/\/bricspolicycenter.org\/en\/fellowship\/fellowship-network\/","title":{"rendered":"Fellowship Network"},"content":{"rendered":"<div class=\"wpb-content-wrapper\"><p>[vc_row row_type=&#8221;row&#8221; use_row_as_full_screen_section=&#8221;no&#8221; type=&#8221;full_width&#8221; text_align=&#8221;left&#8221; css_animation=&#8221;&#8221;][vc_column][vc_column_text]<\/p>\n<h2>Fellowship Network<\/h2>\n<p>[\/vc_column_text][\/vc_column][\/vc_row][vc_row row_type=&#8221;row&#8221; use_row_as_full_screen_section=&#8221;no&#8221; type=&#8221;full_width&#8221; text_align=&#8221;left&#8221; css_animation=&#8221;&#8221;][vc_column][vc_empty_space][vc_column_text]Esta p\u00e1gina tem o intuito de apresentar todos os Pesquisadores Visitantes que j\u00e1 participaram do Programa de Fellowship, assim como informa\u00e7\u00f5es sobre suas produ\u00e7\u00f5es acad\u00eamicas, al\u00e9m de uma breve biografia. Atrav\u00e9s da Rede de Fellows do BPC, os interessados poder\u00e3o contatar diretamente os pesquisadores estrangeiros atrav\u00e9s de seus e-mails e, assim, contribu\u00edmos para a promo\u00e7\u00e3o do di\u00e1logo sobre temas e quest\u00f5es relacionadas aos BRICS e\/ou outros temas relevantes.[\/vc_column_text][vc_empty_space height=&#8221;52px&#8221;][vc_column_text]<div id=\"ajax-load-more\" class=\"ajax-load-more-wrap default\" data-id=\"fellow\" data-alm-id=\"\" data-canonical-url=\"https:\/\/bricspolicycenter.org\/en\/fellowship\/fellowship-network\/\" data-slug=\"fellowship-network\" data-post-id=\"1283\"  data-localized=\"ajax_load_more_fellow_vars\" data-alm-object=\"ajax_load_more_fellow\"><div aria-live=\"polite\" aria-atomic=\"true\" class=\"alm-listing alm-ajax blog_holder masonry equipe fellow\" data-container-type=\"div\" data-loading-style=\"default\" data-repeater=\"default\" data-post-type=\"tribe_organizer\" data-category=\"Fellow\" data-order=\"ASC\" data-orderby=\"name\" data-offset=\"0\" data-posts-per-page=\"20\" data-lang=\"en\" data-button-label=\"Load More\" data-button-loading-label=\"Carregando...\" data-prev-button-label=\"Load Previous\" data-images-loaded=\"true\"><\/div><div class=\"alm-btn-wrap\" data-rel=\"ajax-load-more\"><button class=\"alm-load-more-btn more \" type=\"button\">Load More<\/button><\/div><\/div>[\/vc_column_text][\/vc_column][\/vc_row]<\/p>\n<\/div>","protected":false},"excerpt":{"rendered":"<p>[vc_row row_type=&#8221;row&#8221; use_row_as_full_screen_section=&#8221;no&#8221; type=&#8221;full_width&#8221; text_align=&#8221;left&#8221; css_animation=&#8221;&#8221;][vc_column][vc_column_text] Fellowship Network [\/vc_column_text][\/vc_column][\/vc_row][vc_row row_type=&#8221;row&#8221; use_row_as_full_screen_section=&#8221;no&#8221; type=&#8221;full_width&#8221; text_align=&#8221;left&#8221; css_animation=&#8221;&#8221;][vc_column][vc_empty_space][vc_column_text]Esta p\u00e1gina tem o intuito de apresentar todos os Pesquisadores Visitantes que j\u00e1 participaram do Programa de&#8230;<\/p>\n","protected":false},"author":18,"featured_media":6066,"parent":1277,"menu_order":0,"comment_status":"closed","ping_status":"closed","template":"","meta":{"footnotes":""},"class_list":["post-1283","page","type-page","status-publish","has-post-thumbnail","hentry"],"yoast_head":"<!-- This site is optimized with the Yoast SEO plugin v24.6 - https:\/\/yoast.com\/wordpress\/plugins\/seo\/ -->\n<title>Fellowship Network - brq<\/title>\n<meta name=\"robots\" content=\"index, follow, max-snippet:-1, max-image-preview:large, max-video-preview:-1\" \/>\n<link rel=\"canonical\" href=\"https:\/\/bricspolicycenter.org\/en\/fellowship\/fellowship-network\/\" \/>\n<meta property=\"og:locale\" content=\"en_US\" \/>\n<meta property=\"og:type\" content=\"article\" \/>\n<meta property=\"og:title\" content=\"Fellowship Network - brq\" \/>\n<meta property=\"og:description\" content=\"[vc_row row_type=&#8221;row&#8221; use_row_as_full_screen_section=&#8221;no&#8221; type=&#8221;full_width&#8221; text_align=&#8221;left&#8221; css_animation=&#8221;&#8221;][vc_column][vc_column_text] Fellowship Network [\/vc_column_text][\/vc_column][\/vc_row][vc_row row_type=&#8221;row&#8221; use_row_as_full_screen_section=&#8221;no&#8221; type=&#8221;full_width&#8221; text_align=&#8221;left&#8221; css_animation=&#8221;&#8221;][vc_column][vc_empty_space][vc_column_text]Esta p\u00e1gina tem o intuito de apresentar todos os Pesquisadores Visitantes que j\u00e1 participaram do Programa de...\" \/>\n<meta property=\"og:url\" content=\"https:\/\/bricspolicycenter.org\/en\/fellowship\/fellowship-network\/\" \/>\n<meta property=\"og:site_name\" content=\"brq\" \/>\n<meta property=\"article:modified_time\" content=\"2018-07-18T13:11:45+00:00\" \/>\n<meta property=\"og:image\" content=\"https:\/\/bricspolicycenter.org\/wp-content\/uploads\/2013\/08\/Albert.jpg\" \/>\n\t<meta property=\"og:image:width\" content=\"590\" \/>\n\t<meta property=\"og:image:height\" content=\"700\" \/>\n\t<meta property=\"og:image:type\" content=\"image\/jpeg\" \/>\n<meta name=\"twitter:card\" content=\"summary_large_image\" \/>\n<meta name=\"twitter:label1\" content=\"Est. reading time\" \/>\n\t<meta name=\"twitter:data1\" content=\"1 minute\" \/>\n<script type=\"application\/ld+json\" class=\"yoast-schema-graph\">{\"@context\":\"https:\/\/schema.org\",\"@graph\":[{\"@type\":\"WebPage\",\"@id\":\"https:\/\/bricspolicycenter.org\/en\/fellowship\/fellowship-network\/\",\"url\":\"https:\/\/bricspolicycenter.org\/en\/fellowship\/fellowship-network\/\",\"name\":\"Fellowship Network - brq\",\"isPartOf\":{\"@id\":\"https:\/\/bricspolicycenter.org\/en\/#website\"},\"primaryImageOfPage\":{\"@id\":\"https:\/\/bricspolicycenter.org\/en\/fellowship\/fellowship-network\/#primaryimage\"},\"image\":{\"@id\":\"https:\/\/bricspolicycenter.org\/en\/fellowship\/fellowship-network\/#primaryimage\"},\"thumbnailUrl\":\"https:\/\/bricspolicycenter.org\/wp-content\/uploads\/2013\/08\/Albert.jpg\",\"datePublished\":\"2017-04-18T18:10:27+00:00\",\"dateModified\":\"2018-07-18T13:11:45+00:00\",\"breadcrumb\":{\"@id\":\"https:\/\/bricspolicycenter.org\/en\/fellowship\/fellowship-network\/#breadcrumb\"},\"inLanguage\":\"en-US\",\"potentialAction\":[{\"@type\":\"ReadAction\",\"target\":[\"https:\/\/bricspolicycenter.org\/en\/fellowship\/fellowship-network\/\"]}]},{\"@type\":\"ImageObject\",\"inLanguage\":\"en-US\",\"@id\":\"https:\/\/bricspolicycenter.org\/en\/fellowship\/fellowship-network\/#primaryimage\",\"url\":\"https:\/\/bricspolicycenter.org\/wp-content\/uploads\/2013\/08\/Albert.jpg\",\"contentUrl\":\"https:\/\/bricspolicycenter.org\/wp-content\/uploads\/2013\/08\/Albert.jpg\",\"width\":590,\"height\":700},{\"@type\":\"BreadcrumbList\",\"@id\":\"https:\/\/bricspolicycenter.org\/en\/fellowship\/fellowship-network\/#breadcrumb\",\"itemListElement\":[{\"@type\":\"ListItem\",\"position\":1,\"name\":\"In\u00edcio\",\"item\":\"https:\/\/bricspolicycenter.org\/en\/\"},{\"@type\":\"ListItem\",\"position\":2,\"name\":\"Fellowship\",\"item\":\"https:\/\/bricspolicycenter.org\/en\/fellowship\/\"},{\"@type\":\"ListItem\",\"position\":3,\"name\":\"Fellowship Network\"}]},{\"@type\":\"WebSite\",\"@id\":\"https:\/\/bricspolicycenter.org\/en\/#website\",\"url\":\"https:\/\/bricspolicycenter.org\/en\/\",\"name\":\"brq\",\"description\":\"S\u00f3 mais um site WordPress\",\"potentialAction\":[{\"@type\":\"SearchAction\",\"target\":{\"@type\":\"EntryPoint\",\"urlTemplate\":\"https:\/\/bricspolicycenter.org\/en\/?s={search_term_string}\"},\"query-input\":{\"@type\":\"PropertyValueSpecification\",\"valueRequired\":true,\"valueName\":\"search_term_string\"}}],\"inLanguage\":\"en-US\"}]}<\/script>\n<!-- \/ Yoast SEO plugin. -->","yoast_head_json":{"title":"Fellowship Network - brq","robots":{"index":"index","follow":"follow","max-snippet":"max-snippet:-1","max-image-preview":"max-image-preview:large","max-video-preview":"max-video-preview:-1"},"canonical":"https:\/\/bricspolicycenter.org\/en\/fellowship\/fellowship-network\/","og_locale":"en_US","og_type":"article","og_title":"Fellowship Network - brq","og_description":"[vc_row row_type=&#8221;row&#8221; use_row_as_full_screen_section=&#8221;no&#8221; type=&#8221;full_width&#8221; text_align=&#8221;left&#8221; css_animation=&#8221;&#8221;][vc_column][vc_column_text] Fellowship Network [\/vc_column_text][\/vc_column][\/vc_row][vc_row row_type=&#8221;row&#8221; use_row_as_full_screen_section=&#8221;no&#8221; type=&#8221;full_width&#8221; text_align=&#8221;left&#8221; css_animation=&#8221;&#8221;][vc_column][vc_empty_space][vc_column_text]Esta p\u00e1gina tem o intuito de apresentar todos os Pesquisadores Visitantes que j\u00e1 participaram do Programa de...","og_url":"https:\/\/bricspolicycenter.org\/en\/fellowship\/fellowship-network\/","og_site_name":"brq","article_modified_time":"2018-07-18T13:11:45+00:00","og_image":[{"width":590,"height":700,"url":"https:\/\/bricspolicycenter.org\/wp-content\/uploads\/2013\/08\/Albert.jpg","type":"image\/jpeg"}],"twitter_card":"summary_large_image","twitter_misc":{"Est. reading time":"1 minute"},"schema":{"@context":"https:\/\/schema.org","@graph":[{"@type":"WebPage","@id":"https:\/\/bricspolicycenter.org\/en\/fellowship\/fellowship-network\/","url":"https:\/\/bricspolicycenter.org\/en\/fellowship\/fellowship-network\/","name":"Fellowship Network - brq","isPartOf":{"@id":"https:\/\/bricspolicycenter.org\/en\/#website"},"primaryImageOfPage":{"@id":"https:\/\/bricspolicycenter.org\/en\/fellowship\/fellowship-network\/#primaryimage"},"image":{"@id":"https:\/\/bricspolicycenter.org\/en\/fellowship\/fellowship-network\/#primaryimage"},"thumbnailUrl":"https:\/\/bricspolicycenter.org\/wp-content\/uploads\/2013\/08\/Albert.jpg","datePublished":"2017-04-18T18:10:27+00:00","dateModified":"2018-07-18T13:11:45+00:00","breadcrumb":{"@id":"https:\/\/bricspolicycenter.org\/en\/fellowship\/fellowship-network\/#breadcrumb"},"inLanguage":"en-US","potentialAction":[{"@type":"ReadAction","target":["https:\/\/bricspolicycenter.org\/en\/fellowship\/fellowship-network\/"]}]},{"@type":"ImageObject","inLanguage":"en-US","@id":"https:\/\/bricspolicycenter.org\/en\/fellowship\/fellowship-network\/#primaryimage","url":"https:\/\/bricspolicycenter.org\/wp-content\/uploads\/2013\/08\/Albert.jpg","contentUrl":"https:\/\/bricspolicycenter.org\/wp-content\/uploads\/2013\/08\/Albert.jpg","width":590,"height":700},{"@type":"BreadcrumbList","@id":"https:\/\/bricspolicycenter.org\/en\/fellowship\/fellowship-network\/#breadcrumb","itemListElement":[{"@type":"ListItem","position":1,"name":"In\u00edcio","item":"https:\/\/bricspolicycenter.org\/en\/"},{"@type":"ListItem","position":2,"name":"Fellowship","item":"https:\/\/bricspolicycenter.org\/en\/fellowship\/"},{"@type":"ListItem","position":3,"name":"Fellowship Network"}]},{"@type":"WebSite","@id":"https:\/\/bricspolicycenter.org\/en\/#website","url":"https:\/\/bricspolicycenter.org\/en\/","name":"brq","description":"S\u00f3 mais um site WordPress","potentialAction":[{"@type":"SearchAction","target":{"@type":"EntryPoint","urlTemplate":"https:\/\/bricspolicycenter.org\/en\/?s={search_term_string}"},"query-input":{"@type":"PropertyValueSpecification","valueRequired":true,"valueName":"search_term_string"}}],"inLanguage":"en-US"}]}},"_links":{"self":[{"href":"https:\/\/bricspolicycenter.org\/en\/wp-json\/wp\/v2\/pages\/1283","targetHints":{"allow":["GET"]}}],"collection":[{"href":"https:\/\/bricspolicycenter.org\/en\/wp-json\/wp\/v2\/pages"}],"about":[{"href":"https:\/\/bricspolicycenter.org\/en\/wp-json\/wp\/v2\/types\/page"}],"author":[{"embeddable":true,"href":"https:\/\/bricspolicycenter.org\/en\/wp-json\/wp\/v2\/users\/18"}],"replies":[{"embeddable":true,"href":"https:\/\/bricspolicycenter.org\/en\/wp-json\/wp\/v2\/comments?post=1283"}],"version-history":[{"count":0,"href":"https:\/\/bricspolicycenter.org\/en\/wp-json\/wp\/v2\/pages\/1283\/revisions"}],"up":[{"embeddable":true,"href":"https:\/\/bricspolicycenter.org\/en\/wp-json\/wp\/v2\/pages\/1277"}],"wp:featuredmedia":[{"embeddable":true,"href":"https:\/\/bricspolicycenter.org\/en\/wp-json\/wp\/v2\/media\/6066"}],"wp:attachment":[{"href":"https:\/\/bricspolicycenter.org\/en\/wp-json\/wp\/v2\/media?parent=1283"}],"curies":[{"name":"wp","href":"https:\/\/api.w.org\/{rel}","templated":true}]}}